{"id":981,"date":"2026-03-02T16:03:24","date_gmt":"2026-03-02T16:03:24","guid":{"rendered":"https:\/\/voltera.ch\/?post_type=product&#038;p=981"},"modified":"2026-04-29T18:27:25","modified_gmt":"2026-04-29T18:27:25","slug":"modual-series-basic-ac-23-kwh","status":"publish","type":"product","link":"https:\/\/voltera.ch\/fr\/produkt\/modual-series-basic-ac-23-kwh\/","title":{"rendered":"Modual Series Basic &#8211; AC &#8211; 23 kWh"},"content":{"rendered":"<h2 data-start=\"95\" data-end=\"124\">Modual Series Basic &#8211; AC<\/h2>\n<h3 data-start=\"125\" data-end=\"206\">Nachhaltige Energie f\u00fcr Ihr Zuhause, B\u00fcro oder kleine gewerbliche Anwendungen<\/h3>\n<p data-start=\"208\" data-end=\"723\">Das <strong data-start=\"212\" data-end=\"240\">Modual Series Basic &#8211; AC<\/strong> ist eines unserer neuesten Produkte, das eine <strong data-start=\"287\" data-end=\"325\">schnelle und einfache Installation<\/strong> erm\u00f6glicht und bis zu <strong data-start=\"348\" data-end=\"374\">23 kWh Energiespeicher<\/strong> bietet. Es eignet sich ideal f\u00fcr kleine und mittlere Geb\u00e4ude und gew\u00e4hrleistet eine nachhaltige Nutzung Ihrer eigenen Energie. Mit der <strong data-start=\"510\" data-end=\"539\">Plug-and-Play-Technologie<\/strong>, <strong data-start=\"541\" data-end=\"568\">Zellwechsel-Technologie<\/strong> und dem <strong data-start=\"577\" data-end=\"597\">modularen Design<\/strong>, das in der Schweiz entwickelt wurde, ist dieses System die perfekte L\u00f6sung f\u00fcr eine <strong data-start=\"683\" data-end=\"722\">umweltfreundliche Energieversorgung<\/strong>.<\/p>\n<hr data-start=\"725\" data-end=\"728\" \/>\n<h3 data-start=\"730\" data-end=\"757\">Wichtige Eigenschaften:<\/h3>\n<ul data-start=\"759\" data-end=\"1705\">\n<li data-start=\"759\" data-end=\"891\">\n<p data-start=\"761\" data-end=\"891\"><strong data-start=\"761\" data-end=\"800\">Einfache Plug-and-Play Installation<\/strong>: Das System wird einfach \u00fcber die AC-Kopplung angeschlossen und ist sofort betriebsbereit.<\/p>\n<\/li>\n<li data-start=\"892\" data-end=\"991\">\n<p data-start=\"894\" data-end=\"991\"><strong data-start=\"894\" data-end=\"914\">Modulares Design<\/strong>: Flexibel anpassbar an Ihre spezifischen Bed\u00fcrfnisse und leicht erweiterbar.<\/p>\n<\/li>\n<li data-start=\"992\" data-end=\"1141\">\n<p data-start=\"994\" data-end=\"1141\"><strong data-start=\"994\" data-end=\"1021\">Bis zu 23 kWh Kapazit\u00e4t<\/strong>: Ideal f\u00fcr den Eigenverbrauch in kleinen bis mittleren Anwendungen wie Wohnungen, B\u00fcros und kleinen Gesch\u00e4ftseinheiten.<\/p>\n<\/li>\n<li data-start=\"1142\" data-end=\"1339\">\n<p data-start=\"1144\" data-end=\"1339\"><strong data-start=\"1144\" data-end=\"1206\">Kompatibel mit PV und anderen erneuerbaren Energiesystemen<\/strong>: Integrieren Sie das System problemlos mit Ihrer Solaranlage oder anderen erneuerbaren Quellen, um den Eigenverbrauch zu optimieren.<\/p>\n<\/li>\n<li data-start=\"1340\" data-end=\"1468\">\n<p data-start=\"1342\" data-end=\"1468\"><strong data-start=\"1342\" data-end=\"1366\">Energie f\u00fcr Notf\u00e4lle<\/strong>: Bietet Notstromversorgung und gew\u00e4hrleistet, dass Sie auch bei Stromausf\u00e4llen nie ohne Energie sind.<\/p>\n<\/li>\n<li data-start=\"1469\" data-end=\"1588\">\n<p data-start=\"1471\" data-end=\"1588\"><strong data-start=\"1471\" data-end=\"1492\">10 ans de garantie<\/strong>: Geben Ihnen zus\u00e4tzliches Vertrauen und sorgen f\u00fcr langfristige Sicherheit und Zuverl\u00e4ssigkeit.<\/p>\n<\/li>\n<li data-start=\"1589\" data-end=\"1705\">\n<p data-start=\"1591\" data-end=\"1705\"><strong data-start=\"1591\" data-end=\"1612\">Cloud-\u00dcberwachung<\/strong>: Erm\u00f6glicht die Fern\u00fcberwachung des Systems und stellt sicher, dass alles reibungslos l\u00e4uft.<\/p>\n<\/li>\n<\/ul>\n<hr data-start=\"1707\" data-end=\"1710\" \/>\n<h3 data-start=\"1712\" data-end=\"1772\">8 Gr\u00fcnde, warum Sie sich f\u00fcr Modual entscheiden sollten:<\/h3>\n<ol data-start=\"1774\" data-end=\"2500\">\n<li data-start=\"1774\" data-end=\"1852\">\n<p data-start=\"1777\" data-end=\"1852\"><strong data-start=\"1777\" data-end=\"1792\">Plug &amp; Play<\/strong>: Einfach und schnell zu installieren, dank der AC-Kopplung.<\/p>\n<\/li>\n<li data-start=\"1853\" data-end=\"1947\">\n<p data-start=\"1856\" data-end=\"1947\"><strong data-start=\"1856\" data-end=\"1878\">Dreiphasenleistung<\/strong>: Mit <strong data-start=\"1884\" data-end=\"1899\">3 x 400 VAC<\/strong> f\u00fcr stabile und zuverl\u00e4ssige Energieversorgung.<\/p>\n<\/li>\n<li data-start=\"1948\" data-end=\"2028\">\n<p data-start=\"1951\" data-end=\"2028\"><strong data-start=\"1951\" data-end=\"1969\">Retrofit-f\u00e4hig<\/strong>: Ideal f\u00fcr Nachr\u00fcstungen und Upgrades bestehender Systeme.<\/p>\n<\/li>\n<li data-start=\"2029\" data-end=\"2150\">\n<p data-start=\"2032\" data-end=\"2150\"><strong data-start=\"2032\" data-end=\"2051\">ECO-Kombination<\/strong>: Integrieren Sie das System mit Ihrer Photovoltaikanlage oder anderen erneuerbaren Energiequellen.<\/p>\n<\/li>\n<li data-start=\"2151\" data-end=\"2255\">\n<p data-start=\"2154\" data-end=\"2255\"><strong data-start=\"2154\" data-end=\"2176\">Notstromversorgung<\/strong>: Bietet rund um die Uhr Backup-Strom, um Ihre wichtigsten Ger\u00e4te zu versorgen.<\/p>\n<\/li>\n<li data-start=\"2256\" data-end=\"2324\">\n<p data-start=\"2259\" data-end=\"2324\"><strong data-start=\"2259\" data-end=\"2280\">10 ans de garantie<\/strong>: Sicherer Betrieb mit langfristigem Schutz.<\/p>\n<\/li>\n<li data-start=\"2325\" data-end=\"2407\">\n<p data-start=\"2328\" data-end=\"2407\"><strong data-start=\"2328\" data-end=\"2348\">Cloud-Monitoring<\/strong>: Behalten Sie die Leistung des Systems jederzeit im Blick.<\/p>\n<\/li>\n<li data-start=\"2408\" data-end=\"2500\">\n<p data-start=\"2411\" data-end=\"2500\"><strong data-start=\"2411\" data-end=\"2440\">Schweizer Ingenieurskunst<\/strong>: Bekannt f\u00fcr h\u00f6chste Qualit\u00e4t, Pr\u00e4zision und Langlebigkeit.<\/p>\n<\/li>\n<\/ol>\n<hr data-start=\"2502\" data-end=\"2505\" \/>\n<h3 data-start=\"2507\" data-end=\"2543\">Nachhaltigkeit und Umweltschutz:<\/h3>\n<p data-start=\"2545\" data-end=\"2808\">Das Modual Series Basic &#8211; AC nutzt <strong data-start=\"2580\" data-end=\"2605\">Second-Life-Batterien<\/strong>, um den Lebenszyklus der Batterie zu verl\u00e4ngern und gleichzeitig die <strong data-start=\"2675\" data-end=\"2697\">Umweltauswirkungen<\/strong> zu reduzieren. Dies tr\u00e4gt dazu bei, <strong data-start=\"2734\" data-end=\"2759\">Ressourcen zu schonen<\/strong> und den <strong data-start=\"2768\" data-end=\"2792\">Abfall von Batterien<\/strong> zu minimieren.<\/p>\n<ul data-start=\"2810\" data-end=\"3154\">\n<li data-start=\"2810\" data-end=\"2947\">\n<p data-start=\"2812\" data-end=\"2947\"><strong data-start=\"2812\" data-end=\"2843\">80 % verbleibende Kapazit\u00e4t<\/strong>: Die durchschnittliche verbleibende Kapazit\u00e4t von ausgemusterten Batterien, die wiederverwendet werden.<\/p>\n<\/li>\n<li data-start=\"2948\" data-end=\"3052\">\n<p data-start=\"2950\" data-end=\"3052\"><strong data-start=\"2950\" data-end=\"2970\">2.000.000 Tonnen<\/strong>: Die Menge an Elektrofahrzeugbatterien, die bis 2030 auf den Markt kommen werden.<\/p>\n<\/li>\n<li data-start=\"3053\" data-end=\"3154\">\n<p data-start=\"3055\" data-end=\"3154\"><strong data-start=\"3055\" data-end=\"3088\">Weniger als 5 % Recyclingrate<\/strong>: Nur ein kleiner Teil der Lithium-Batterien wird bisher recycelt.<\/p>\n<\/li>\n<\/ul>\n<hr data-start=\"3156\" data-end=\"3159\" \/>\n<h3 data-start=\"3161\" data-end=\"3181\">Technische Daten<\/h3>\n<ul data-start=\"3183\" data-end=\"3443\">\n<li data-start=\"3183\" data-end=\"3224\">\n<p data-start=\"3185\" data-end=\"3224\"><strong data-start=\"3185\" data-end=\"3207\">Maximale Kapazit\u00e4t<\/strong>: Bis zu 23 kWh<\/p>\n<\/li>\n<li data-start=\"3225\" data-end=\"3275\">\n<p data-start=\"3227\" data-end=\"3275\"><strong data-start=\"3227\" data-end=\"3247\">Modulares Design<\/strong>: Flexible Erweiterbarkeit<\/p>\n<\/li>\n<li data-start=\"3276\" data-end=\"3327\">\n<p data-start=\"3278\" data-end=\"3327\"><strong data-start=\"3278\" data-end=\"3302\">Batterie-Technologie<\/strong>: Second-Life-Batterien<\/p>\n<\/li>\n<li data-start=\"3328\" data-end=\"3368\">\n<p data-start=\"3330\" data-end=\"3368\"><strong data-start=\"3330\" data-end=\"3350\">Eingangsspannung<\/strong>: Bis zu 400V AC<\/p>\n<\/li>\n<li data-start=\"3369\" data-end=\"3395\">\n<p data-start=\"3371\" data-end=\"3395\"><strong data-start=\"3371\" data-end=\"3383\">Garantie<\/strong>: 10 Jahre<\/p>\n<\/li>\n<li data-start=\"3396\" data-end=\"3443\">\n<p data-start=\"3398\" data-end=\"3443\"><strong data-start=\"3398\" data-end=\"3427\">Betriebstemperaturbereich<\/strong>: -10\u00b0C bis 50\u00b0C<\/p>\n<\/li>\n<\/ul>","protected":false},"excerpt":{"rendered":"<p>Modual Series Basic &#8211; AC Nachhaltige Energie f\u00fcr Ihr Zuhause, B\u00fcro oder kleine gewerbliche Anwendungen Das Modual Series Basic &#8211; [&hellip;]<\/p>\n","protected":false},"featured_media":1002,"comment_status":"closed","ping_status":"closed","template":"","meta":{"site-sidebar-layout":"default","site-content-layout":"","ast-site-content-layout":"default","site-content-style":"default","site-sidebar-style":"default","ast-global-header-display":"","ast-banner-title-visibility":"","ast-main-header-display":"","ast-hfb-above-header-display":"","ast-hfb-below-header-display":"","ast-hfb-mobile-header-display":"","site-post-title":"","ast-breadcrumbs-content":"","ast-featured-img":"","footer-sml-layout":"","ast-disable-related-posts":"","theme-transparent-header-meta":"default","adv-header-id-meta":"","stick-header-meta":"","header-above-stick-meta":"","header-main-stick-meta":"","header-below-stick-meta":"","astra-migrate-meta-layouts":"set","ast-page-background-enabled":"default","ast-page-background-meta":{"desktop":{"background-color":"var(--ast-global-color-5)","background-image":"","background-repeat":"repeat","background-position":"center center","background-size":"auto","background-attachment":"scroll","background-type":"","background-media":"","overlay-type":"","overlay-color":"","overlay-opacity":"","overlay-gradient":""},"tablet":{"background-color":"","background-image":"","background-repeat":"repeat","background-position":"center center","background-size":"auto","background-attachment":"scroll","background-type":"","background-media":"","overlay-type":"","overlay-color":"","overlay-opacity":"","overlay-gradient":""},"mobile":{"background-color":"","background-image":"","background-repeat":"repeat","background-position":"center center","background-size":"auto","background-attachment":"scroll","background-type":"","background-media":"","overlay-type":"","overlay-color":"","overlay-opacity":"","overlay-gradient":""}},"ast-content-background-meta":{"desktop":{"background-color":"var(--ast-global-color-4)","background-image":"","background-repeat":"repeat","background-position":"center center","background-size":"auto","background-attachment":"scroll","background-type":"","background-media":"","overlay-type":"","overlay-color":"","overlay-opacity":"","overlay-gradient":""},"tablet":{"background-color":"var(--ast-global-color-4)","background-image":"","background-repeat":"repeat","background-position":"center center","background-size":"auto","background-attachment":"scroll","background-type":"","background-media":"","overlay-type":"","overlay-color":"","overlay-opacity":"","overlay-gradient":""},"mobile":{"background-color":"var(--ast-global-color-4)","background-image":"","background-repeat":"repeat","background-position":"center center","background-size":"auto","background-attachment":"scroll","background-type":"","background-media":"","overlay-type":"","overlay-color":"","overlay-opacity":"","overlay-gradient":""}}},"product_brand":[],"product_cat":[38,15],"product_tag":[23,24],"class_list":{"0":"post-981","1":"product","2":"type-product","3":"status-publish","4":"has-post-thumbnail","6":"product_cat-batteriespeicher","7":"product_cat-unkategorisiert","8":"product_tag-15-25-kwh","9":"product_tag-5-15-kw","10":"desktop-align-left","11":"tablet-align-left","12":"mobile-align-left","14":"first","15":"instock","16":"taxable","17":"shipping-taxable","18":"purchasable","19":"product-type-simple"},"_links":{"self":[{"href":"https:\/\/voltera.ch\/fr\/wp-json\/wp\/v2\/product\/981","targetHints":{"allow":["GET"]}}],"collection":[{"href":"https:\/\/voltera.ch\/fr\/wp-json\/wp\/v2\/product"}],"about":[{"href":"https:\/\/voltera.ch\/fr\/wp-json\/wp\/v2\/types\/product"}],"replies":[{"embeddable":true,"href":"https:\/\/voltera.ch\/fr\/wp-json\/wp\/v2\/comments?post=981"}],"wp:featuredmedia":[{"embeddable":true,"href":"https:\/\/voltera.ch\/fr\/wp-json\/wp\/v2\/media\/1002"}],"wp:attachment":[{"href":"https:\/\/voltera.ch\/fr\/wp-json\/wp\/v2\/media?parent=981"}],"wp:term":[{"taxonomy":"product_brand","embeddable":true,"href":"https:\/\/voltera.ch\/fr\/wp-json\/wp\/v2\/product_brand?post=981"},{"taxonomy":"product_cat","embeddable":true,"href":"https:\/\/voltera.ch\/fr\/wp-json\/wp\/v2\/product_cat?post=981"},{"taxonomy":"product_tag","embeddable":true,"href":"https:\/\/voltera.ch\/fr\/wp-json\/wp\/v2\/product_tag?post=981"}],"curies":[{"name":"wp","href":"https:\/\/api.w.org\/{rel}","templated":true}]}}